{"id":133,"date":"2022-08-01T21:09:01","date_gmt":"2022-08-01T21:09:01","guid":{"rendered":"https:\/\/buklucezeytintanesi.com.tr\/?page_id=133"},"modified":"2022-08-04T10:10:09","modified_gmt":"2022-08-04T10:10:09","slug":"uretim","status":"publish","type":"page","link":"https:\/\/buklucezeytintanesi.com.tr\/?page_id=133","title":{"rendered":"\u00dcretim"},"content":{"rendered":"\n<p>Zeytin, Anadolu co\u011frafyas\u0131nda do\u011fmu\u015f ve binlerce y\u0131ld\u0131r Akdeniz havzas\u0131nda tar\u0131m\u0131 gelene\u011fe d\u00f6n\u00fc\u015fm\u00fc\u015f bir bitkidir. <br>Son y\u0131llarda d\u00fcnyada sa\u011fl\u0131kl\u0131 ya\u015fam ve beslenmeye artan ilgi ile birlikte sofral\u0131k zeytin ve zeytinya\u011f\u0131 \u00fcretim ve t\u00fcketiminin \u00f6nemi de artmaktad\u0131r. <br>T\u00fcrkiye\u2019de sekt\u00f6r\u00fcn \u00e7ekim g\u00fcc\u00fc sadece zeytin \u00fcretimine de\u011fil, i\u015fleme sanayisine ve ticaretine olan ilgiyi de art\u0131rm\u0131\u015f, farkl\u0131 sekt\u00f6rlerden zeytin ve zeytinya\u011f\u0131 sekt\u00f6r\u00fcne ciddi sermaye aktar\u0131mlar\u0131 olmu\u015ftur.<\/p>\n\n\n\n<div class=\"wp-container-4 wp-block-columns\">\n<div class=\"wp-container-1 wp-block-column\"><\/div>\n\n\n\n<div class=\"wp-container-2 wp-block-column\">\n<figure class=\"wp-block-video\"><video autoplay loop muted src=\"https:\/\/buklucezeytintanesi.com.tr\/wp-content\/uploads\/2022\/08\/WhatsApp-Video-2022-08-01-at-22.46.40.mp4\"><\/video><\/figure>\n<\/div>\n\n\n\n<div class=\"wp-container-3 wp-block-column\"><\/div>\n<\/div>\n","protected":false},"excerpt":{"rendered":"<p>Zeytin, Anadolu co\u011frafyas\u0131nda do\u011fmu\u015f ve binlerce y\u0131ld\u0131r Akdeniz havzas\u0131nda tar\u0131m\u0131 gelene\u011fe d\u00f6n\u00fc\u015fm\u00fc\u015f bir bitkidir. Son y\u0131llarda d\u00fcnyada sa\u011fl\u0131kl\u0131 ya\u015fam ve beslenmeye artan ilgi ile birlikte sofral\u0131k zeytin ve zeytinya\u011f\u0131 \u00fcretim ve t\u00fcketiminin \u00f6nemi de artmaktad\u0131r. T\u00fcrkiye\u2019de sekt\u00f6r\u00fcn \u00e7ekim g\u00fcc\u00fc sadece zeytin \u00fcretimine de\u011fil, i\u015fleme sanayisine ve ticaretine olan ilgiyi de art\u0131rm\u0131\u015f, farkl\u0131 sekt\u00f6rlerden zeytin ve zeytinya\u011f\u0131 sekt\u00f6r\u00fcne ciddi sermaye aktar\u0131mlar\u0131 olmu\u015ftur.<\/p>\n","protected":false},"author":1,"featured_media":0,"parent":0,"menu_order":0,"comment_status":"closed","ping_status":"closed","template":"","meta":[],"_links":{"self":[{"href":"https:\/\/buklucezeytintanesi.com.tr\/index.php?rest_route=\/wp\/v2\/pages\/133"}],"collection":[{"href":"https:\/\/buklucezeytintanesi.com.tr\/index.php?rest_route=\/wp\/v2\/pages"}],"about":[{"href":"https:\/\/buklucezeytintanesi.com.tr\/index.php?rest_route=\/wp\/v2\/types\/page"}],"author":[{"embeddable":true,"href":"https:\/\/buklucezeytintanesi.com.tr\/index.php?rest_route=\/wp\/v2\/users\/1"}],"replies":[{"embeddable":true,"href":"https:\/\/buklucezeytintanesi.com.tr\/index.php?rest_route=%2Fwp%2Fv2%2Fcomments&post=133"}],"version-history":[{"count":4,"href":"https:\/\/buklucezeytintanesi.com.tr\/index.php?rest_route=\/wp\/v2\/pages\/133\/revisions"}],"predecessor-version":[{"id":170,"href":"https:\/\/buklucezeytintanesi.com.tr\/index.php?rest_route=\/wp\/v2\/pages\/133\/revisions\/170"}],"wp:attachment":[{"href":"https:\/\/buklucezeytintanesi.com.tr\/index.php?rest_route=%2Fwp%2Fv2%2Fmedia&parent=133"}],"curies":[{"name":"wp","href":"https:\/\/api.w.org\/{rel}","templated":true}]}}