{"id":2,"date":"2022-07-05T11:06:45","date_gmt":"2022-07-05T11:06:45","guid":{"rendered":"https:\/\/buklucezeytintanesi.com.tr\/?page_id=2"},"modified":"2022-07-29T22:07:13","modified_gmt":"2022-07-29T22:07:13","slug":"hakkimizda","status":"publish","type":"page","link":"https:\/\/buklucezeytintanesi.com.tr\/?page_id=2","title":{"rendered":"Hakk\u0131m\u0131zda"},"content":{"rendered":"\n<h2>Vizyon<\/h2>\n\n\n\n<blockquote class=\"wp-block-quote\"><p>B\u00fckl\u00fcce zeytintanesi markam\u0131z ile t\u00fcketicinin arad\u0131\u011f\u0131 do\u011fan\u0131n Lezzet Tanelerini en kaliteli \u015fekilde kahvalt\u0131 d\u00fcnyan\u0131z ile bulu\u015fturmak olacakt\u0131r.<\/p><\/blockquote>\n\n\n\n<h2>Misyon<\/h2>\n\n\n\n<blockquote class=\"wp-block-quote\"><p>Do\u011fru kalite-fiyat oran\u0131n\u0131 sa\u011flayarak, siz de\u011ferli m\u00fc\u015fterilerimize en \u00fcst kalite d\u00fczeyini kar\u015f\u0131lamak<\/p><\/blockquote>\n","protected":false},"excerpt":{"rendered":"<p>Vizyon B\u00fckl\u00fcce zeytintanesi markam\u0131z ile t\u00fcketicinin arad\u0131\u011f\u0131 do\u011fan\u0131n Lezzet Tanelerini en kaliteli \u015fekilde kahvalt\u0131 d\u00fcnyan\u0131z ile bulu\u015fturmak olacakt\u0131r. Misyon Do\u011fru kalite-fiyat oran\u0131n\u0131 sa\u011flayarak, siz de\u011ferli m\u00fc\u015fterilerimize en \u00fcst kalite d\u00fczeyini kar\u015f\u0131lamak<\/p>\n","protected":false},"author":1,"featured_media":0,"parent":0,"menu_order":0,"comment_status":"closed","ping_status":"closed","template":"","meta":[],"_links":{"self":[{"href":"https:\/\/buklucezeytintanesi.com.tr\/index.php?rest_route=\/wp\/v2\/pages\/2"}],"collection":[{"href":"https:\/\/buklucezeytintanesi.com.tr\/index.php?rest_route=\/wp\/v2\/pages"}],"about":[{"href":"https:\/\/buklucezeytintanesi.com.tr\/index.php?rest_route=\/wp\/v2\/types\/page"}],"author":[{"embeddable":true,"href":"https:\/\/buklucezeytintanesi.com.tr\/index.php?rest_route=\/wp\/v2\/users\/1"}],"replies":[{"embeddable":true,"href":"https:\/\/buklucezeytintanesi.com.tr\/index.php?rest_route=%2Fwp%2Fv2%2Fcomments&post=2"}],"version-history":[{"count":2,"href":"https:\/\/buklucezeytintanesi.com.tr\/index.php?rest_route=\/wp\/v2\/pages\/2\/revisions"}],"predecessor-version":[{"id":83,"href":"https:\/\/buklucezeytintanesi.com.tr\/index.php?rest_route=\/wp\/v2\/pages\/2\/revisions\/83"}],"wp:attachment":[{"href":"https:\/\/buklucezeytintanesi.com.tr\/index.php?rest_route=%2Fwp%2Fv2%2Fmedia&parent=2"}],"curies":[{"name":"wp","href":"https:\/\/api.w.org\/{rel}","templated":true}]}}